{"id":279,"date":"2025-01-22T17:27:55","date_gmt":"2025-01-22T16:27:55","guid":{"rendered":"https:\/?page_id=279"},"modified":"2025-02-23T20:14:40","modified_gmt":"2025-02-23T19:14:40","slug":"annales-editions-spirale","status":"publish","type":"page","link":"https:\/\/editionsspirale.com\/en\/annales-editions-spirale\/","title":{"rendered":"Solved problems"},"content":{"rendered":"<div data-elementor-type=\"wp-page\" data-elementor-id=\"279\" class=\"elementor elementor-279\">\n\t\t\t\t<div class=\"elementor-element elementor-element-6ae4e97 e-flex e-con-boxed e-con e-parent\" data-id=\"6ae4e97\" data-element_type=\"container\" data-e-type=\"container\">\n\t\t\t\t\t<div class=\"e-con-inner\">\n\t\t\t\t<div class=\"elementor-element elementor-element-878b599 elementor-widget elementor-widget-heading\" data-id=\"878b599\" data-element_type=\"widget\" data-e-type=\"widget\" data-widget_type=\"heading.default\">\n\t\t\t\t<div class=\"elementor-widget-container\">\n\t\t\t\t\t<h1 class=\"elementor-heading-title elementor-size-default\">Solved problems<\/h1>\t\t\t\t<\/div>\n\t\t\t\t<\/div>\n\t\t\t\t\t<\/div>\n\t\t\t\t<\/div>\n\t\t<div class=\"elementor-element elementor-element-3daea3a e-flex e-con-boxed e-con e-parent\" data-id=\"3daea3a\" data-element_type=\"container\" data-e-type=\"container\">\n\t\t\t\t\t<div class=\"e-con-inner\">\n\t\t<div class=\"elementor-element elementor-element-5425159 e-con-full e-flex e-con e-child\" data-id=\"5425159\" data-element_type=\"container\" data-e-type=\"container\">\n\t\t\t\t<div class=\"elementor-element elementor-element-9b9f356 elementor-widget elementor-widget-image\" data-id=\"9b9f356\" data-element_type=\"widget\" data-e-type=\"widget\" data-widget_type=\"image.default\">\n\t\t\t\t<div class=\"elementor-widget-container\">\n\t\t\t\t\t\t\t\t\t\t\t\t\t\t\t<img fetchpriority=\"high\" decoding=\"async\" width=\"218\" height=\"300\" src=\"https:\/\/editionsspirale.com\/wp-content\/uploads\/2025\/01\/EB9-218x300.jpg\" class=\"attachment-medium size-medium wp-image-283\" alt=\"\" srcset=\"https:\/\/editionsspirale.com\/wp-content\/uploads\/2025\/01\/EB9-218x300.jpg 218w, https:\/\/editionsspirale.com\/wp-content\/uploads\/2025\/01\/EB9-742x1024.jpg 742w, https:\/\/editionsspirale.com\/wp-content\/uploads\/2025\/01\/EB9-768x1059.jpg 768w, https:\/\/editionsspirale.com\/wp-content\/uploads\/2025\/01\/EB9-1114x1536.jpg 1114w, https:\/\/editionsspirale.com\/wp-content\/uploads\/2025\/01\/EB9-9x12.jpg 9w, https:\/\/editionsspirale.com\/wp-content\/uploads\/2025\/01\/EB9.jpg 1192w\" sizes=\"(max-width: 218px) 100vw, 218px\" \/>\t\t\t\t\t\t\t\t\t\t\t\t\t\t\t<\/div>\n\t\t\t\t<\/div>\n\t\t\t\t<div class=\"elementor-element elementor-element-8f61ee8 elementor-widget elementor-widget-heading\" data-id=\"8f61ee8\" data-element_type=\"widget\" data-e-type=\"widget\" data-widget_type=\"heading.default\">\n\t\t\t\t<div class=\"elementor-widget-container\">\n\t\t\t\t\t<h2 class=\"elementor-heading-title elementor-size-default\">Annale Physique EB9<\/h2>\t\t\t\t<\/div>\n\t\t\t\t<\/div>\n\t\t\t\t<div class=\"elementor-element elementor-element-528054f elementor-widget elementor-widget-text-editor\" data-id=\"528054f\" data-element_type=\"widget\" data-e-type=\"widget\" data-widget_type=\"text-editor.default\">\n\t\t\t\t<div class=\"elementor-widget-container\">\n\t\t\t\t\t\t\t\t\t<p>Probl\u00e8mes r\u00e9solus et sessions du brevet.<\/p><p>12.5 $<\/p>\t\t\t\t\t\t\t\t<\/div>\n\t\t\t\t<\/div>\n\t\t\t\t<\/div>\n\t\t<div class=\"elementor-element elementor-element-c5d1155 e-con-full e-flex e-con e-child\" data-id=\"c5d1155\" data-element_type=\"container\" data-e-type=\"container\">\n\t\t\t\t<div class=\"elementor-element elementor-element-f60f2bf elementor-widget elementor-widget-image\" data-id=\"f60f2bf\" data-element_type=\"widget\" data-e-type=\"widget\" data-widget_type=\"image.default\">\n\t\t\t\t<div class=\"elementor-widget-container\">\n\t\t\t\t\t\t\t\t\t\t\t\t\t\t\t<img decoding=\"async\" width=\"211\" height=\"300\" src=\"https:\/\/editionsspirale.com\/wp-content\/uploads\/Chimie-9-211x300.jpg\" class=\"attachment-medium size-medium wp-image-645\" alt=\"\" srcset=\"https:\/\/editionsspirale.com\/wp-content\/uploads\/Chimie-9-211x300.jpg 211w, https:\/\/editionsspirale.com\/wp-content\/uploads\/Chimie-9-719x1024.jpg 719w, https:\/\/editionsspirale.com\/wp-content\/uploads\/Chimie-9-768x1094.jpg 768w, https:\/\/editionsspirale.com\/wp-content\/uploads\/Chimie-9-1079x1536.jpg 1079w, https:\/\/editionsspirale.com\/wp-content\/uploads\/Chimie-9-1438x2048.jpg 1438w, https:\/\/editionsspirale.com\/wp-content\/uploads\/Chimie-9-8x12.jpg 8w, https:\/\/editionsspirale.com\/wp-content\/uploads\/Chimie-9-scaled.jpg 1798w\" sizes=\"(max-width: 211px) 100vw, 211px\" \/>\t\t\t\t\t\t\t\t\t\t\t\t\t\t\t<\/div>\n\t\t\t\t<\/div>\n\t\t\t\t<div class=\"elementor-element elementor-element-9e48e95 elementor-widget elementor-widget-heading\" data-id=\"9e48e95\" data-element_type=\"widget\" data-e-type=\"widget\" data-widget_type=\"heading.default\">\n\t\t\t\t<div class=\"elementor-widget-container\">\n\t\t\t\t\t<h2 class=\"elementor-heading-title elementor-size-default\">Annale Chimie EB9<\/h2>\t\t\t\t<\/div>\n\t\t\t\t<\/div>\n\t\t\t\t<div class=\"elementor-element elementor-element-619fca1 elementor-widget elementor-widget-text-editor\" data-id=\"619fca1\" data-element_type=\"widget\" data-e-type=\"widget\" data-widget_type=\"text-editor.default\">\n\t\t\t\t<div class=\"elementor-widget-container\">\n\t\t\t\t\t\t\t\t\t<p>Probl\u00e8mes r\u00e9solus, r\u00e9sum\u00e9 du cours et sessions du brevet.<\/p><p>10.42 $<\/p>\t\t\t\t\t\t\t\t<\/div>\n\t\t\t\t<\/div>\n\t\t\t\t<\/div>\n\t\t<div class=\"elementor-element elementor-element-b3eb83e e-con-full e-flex e-con e-child\" data-id=\"b3eb83e\" data-element_type=\"container\" data-e-type=\"container\">\n\t\t\t\t<div class=\"elementor-element elementor-element-89cd523 elementor-widget elementor-widget-image\" data-id=\"89cd523\" data-element_type=\"widget\" data-e-type=\"widget\" data-widget_type=\"image.default\">\n\t\t\t\t<div class=\"elementor-widget-container\">\n\t\t\t\t\t\t\t\t\t\t\t\t\t\t\t<img decoding=\"async\" width=\"211\" height=\"300\" src=\"https:\/\/editionsspirale.com\/wp-content\/uploads\/svt-9-211x300.jpg\" class=\"attachment-medium size-medium wp-image-647\" alt=\"\" srcset=\"https:\/\/editionsspirale.com\/wp-content\/uploads\/svt-9-211x300.jpg 211w, https:\/\/editionsspirale.com\/wp-content\/uploads\/svt-9-720x1024.jpg 720w, https:\/\/editionsspirale.com\/wp-content\/uploads\/svt-9-768x1092.jpg 768w, https:\/\/editionsspirale.com\/wp-content\/uploads\/svt-9-1081x1536.jpg 1081w, https:\/\/editionsspirale.com\/wp-content\/uploads\/svt-9-1441x2048.jpg 1441w, https:\/\/editionsspirale.com\/wp-content\/uploads\/svt-9-8x12.jpg 8w, https:\/\/editionsspirale.com\/wp-content\/uploads\/svt-9-scaled.jpg 1801w\" sizes=\"(max-width: 211px) 100vw, 211px\" \/>\t\t\t\t\t\t\t\t\t\t\t\t\t\t\t<\/div>\n\t\t\t\t<\/div>\n\t\t\t\t<div class=\"elementor-element elementor-element-c10feff elementor-widget elementor-widget-heading\" data-id=\"c10feff\" data-element_type=\"widget\" data-e-type=\"widget\" data-widget_type=\"heading.default\">\n\t\t\t\t<div class=\"elementor-widget-container\">\n\t\t\t\t\t<h2 class=\"elementor-heading-title elementor-size-default\">Annale SVT EB9<\/h2>\t\t\t\t<\/div>\n\t\t\t\t<\/div>\n\t\t\t\t<div class=\"elementor-element elementor-element-4cdc420 elementor-widget elementor-widget-text-editor\" data-id=\"4cdc420\" data-element_type=\"widget\" data-e-type=\"widget\" data-widget_type=\"text-editor.default\">\n\t\t\t\t<div class=\"elementor-widget-container\">\n\t\t\t\t\t\t\t\t\t<p>Probl\u00e8mes r\u00e9solus et sessions du brevet.<\/p>\n<p>9.27 $<\/p>\t\t\t\t\t\t\t\t<\/div>\n\t\t\t\t<\/div>\n\t\t\t\t<\/div>\n\t\t<div class=\"elementor-element elementor-element-788fdf2 e-con-full e-flex e-con e-child\" data-id=\"788fdf2\" data-element_type=\"container\" data-e-type=\"container\">\n\t\t\t\t<div class=\"elementor-element elementor-element-d47b33e elementor-widget elementor-widget-image\" data-id=\"d47b33e\" data-element_type=\"widget\" data-e-type=\"widget\" data-widget_type=\"image.default\">\n\t\t\t\t<div class=\"elementor-widget-container\">\n\t\t\t\t\t\t\t\t\t\t\t\t\t\t\t<img loading=\"lazy\" decoding=\"async\" width=\"200\" height=\"300\" src=\"https:\/\/editionsspirale.com\/wp-content\/uploads\/Pass-Concours-200x300.jpeg\" class=\"attachment-medium size-medium wp-image-1766\" alt=\"\" srcset=\"https:\/\/editionsspirale.com\/wp-content\/uploads\/Pass-Concours-200x300.jpeg 200w, https:\/\/editionsspirale.com\/wp-content\/uploads\/Pass-Concours-684x1024.jpeg 684w, https:\/\/editionsspirale.com\/wp-content\/uploads\/Pass-Concours-8x12.jpeg 8w, https:\/\/editionsspirale.com\/wp-content\/uploads\/Pass-Concours.jpeg 765w\" sizes=\"(max-width: 200px) 100vw, 200px\" \/>\t\t\t\t\t\t\t\t\t\t\t\t\t\t\t<\/div>\n\t\t\t\t<\/div>\n\t\t\t\t<div class=\"elementor-element elementor-element-c81764c elementor-widget elementor-widget-heading\" data-id=\"c81764c\" data-element_type=\"widget\" data-e-type=\"widget\" data-widget_type=\"heading.default\">\n\t\t\t\t<div class=\"elementor-widget-container\">\n\t\t\t\t\t<h2 class=\"elementor-heading-title elementor-size-default\">Pr\u00e9paration au concours de m\u00e9decine<\/h2>\t\t\t\t<\/div>\n\t\t\t\t<\/div>\n\t\t\t\t<div class=\"elementor-element elementor-element-e7a2b5f elementor-widget elementor-widget-text-editor\" data-id=\"e7a2b5f\" data-element_type=\"widget\" data-e-type=\"widget\" data-widget_type=\"text-editor.default\">\n\t\t\t\t<div class=\"elementor-widget-container\">\n\t\t\t\t\t\t\t\t\t<p>Cours, exercices et sessions corrig\u00e9es des concours aux facult\u00e9s des sciences m\u00e9dicales et param\u00e9dicales.<\/p><p>25 $<\/p>\t\t\t\t\t\t\t\t<\/div>\n\t\t\t\t<\/div>\n\t\t\t\t<\/div>\n\t\t\t\t\t<\/div>\n\t\t\t\t<\/div>\n\t\t\t\t<\/div>","protected":false},"excerpt":{"rendered":"<p>Annales Annale Physique EB9 Probl\u00e8mes r\u00e9solus et sessions du brevet. 12.5 $ Annale Chimie EB9 Probl\u00e8mes r\u00e9solus, r\u00e9sum\u00e9 du cours et sessions du brevet. 10.42 $ Annale SVT EB9 Probl\u00e8mes r\u00e9solus et sessions du brevet. 9.27 $ Pr\u00e9paration au concours de m\u00e9decine Cours, exercices et sessions corrig\u00e9es des concours aux facult\u00e9s des sciences m\u00e9dicales et&#8230;<\/p>","protected":false},"author":1,"featured_media":0,"parent":0,"menu_order":0,"comment_status":"closed","ping_status":"closed","template":"","meta":{"_kadence_starter_templates_imported_post":false,"_kad_post_transparent":"","_kad_post_title":"hide","_kad_post_layout":"fullwidth","_kad_post_sidebar_id":"","_kad_post_content_style":"unboxed","_kad_post_vertical_padding":"hide","_kad_post_feature":"hide","_kad_post_feature_position":"","_kad_post_header":false,"_kad_post_footer":false,"footnotes":""},"class_list":["post-279","page","type-page","status-publish","hentry"],"yoast_head":"<!-- This site is optimized with the Yoast SEO plugin v27.5 - https:\/\/yoast.com\/product\/yoast-seo-wordpress\/ -->\n<title>Annales - Editions Spirale<\/title>\n<meta name=\"description\" content=\"Annales de physique, chimie et SVT pour la classe du brevet et le secondaire : r\u00e9sum\u00e9 du cours, probl\u00e8mes r\u00e9solus et examens officiels. Physics, Chemistry and Life Science Solved Problems for official exams and secondary cycle : summury of the course, solved problems and official exams.\" \/>\n<meta name=\"robots\" content=\"index, follow, max-snippet:-1, max-image-preview:large, max-video-preview:-1\" \/>\n<link rel=\"canonical\" href=\"https:\/\/editionsspirale.com\/en\/annales-editions-spirale\/\" \/>\n<meta property=\"og:locale\" content=\"en_GB\" \/>\n<meta property=\"og:type\" content=\"article\" \/>\n<meta property=\"og:title\" content=\"Annales - Editions Spirale\" \/>\n<meta property=\"og:description\" content=\"Annales de physique, chimie et SVT pour la classe du brevet et le secondaire : r\u00e9sum\u00e9 du cours, probl\u00e8mes r\u00e9solus et examens officiels. Physics, Chemistry and Life Science Solved Problems for official exams and secondary cycle : summury of the course, solved problems and official exams.\" \/>\n<meta property=\"og:url\" content=\"https:\/\/editionsspirale.com\/en\/annales-editions-spirale\/\" \/>\n<meta property=\"og:site_name\" content=\"Editions Spirale\" \/>\n<meta property=\"article:publisher\" content=\"https:\/\/www.facebook.com\/spirale.editions\" \/>\n<meta property=\"article:modified_time\" content=\"2025-02-23T19:14:40+00:00\" \/>\n<meta property=\"og:image\" content=\"https:\/\/editionsspirale.com\/wp-content\/uploads\/2025\/01\/EB9-218x300.jpg\" \/>\n<meta name=\"twitter:card\" content=\"summary_large_image\" \/>\n<meta name=\"twitter:label1\" content=\"Estimated reading time\" \/>\n\t<meta name=\"twitter:data1\" content=\"2 minutes\" \/>\n<script type=\"application\/ld+json\" class=\"yoast-schema-graph\">{\"@context\":\"https:\\\/\\\/schema.org\",\"@graph\":[{\"@type\":\"WebPage\",\"@id\":\"https:\\\/\\\/editionsspirale.com\\\/annales-editions-spirale\\\/\",\"url\":\"https:\\\/\\\/editionsspirale.com\\\/annales-editions-spirale\\\/\",\"name\":\"Annales - Editions Spirale\",\"isPartOf\":{\"@id\":\"https:\\\/\\\/www.editionsspirale.com\\\/#website\"},\"primaryImageOfPage\":{\"@id\":\"https:\\\/\\\/editionsspirale.com\\\/annales-editions-spirale\\\/#primaryimage\"},\"image\":{\"@id\":\"https:\\\/\\\/editionsspirale.com\\\/annales-editions-spirale\\\/#primaryimage\"},\"thumbnailUrl\":\"https:\\\/\\\/editionsspirale.com\\\/wp-content\\\/uploads\\\/2025\\\/01\\\/EB9-218x300.jpg\",\"datePublished\":\"2025-01-22T16:27:55+00:00\",\"dateModified\":\"2025-02-23T19:14:40+00:00\",\"description\":\"Annales de physique, chimie et SVT pour la classe du brevet et le secondaire : r\u00e9sum\u00e9 du cours, probl\u00e8mes r\u00e9solus et examens officiels. Physics, Chemistry and Life Science Solved Problems for official exams and secondary cycle : summury of the course, solved problems and official exams.\",\"breadcrumb\":{\"@id\":\"https:\\\/\\\/editionsspirale.com\\\/annales-editions-spirale\\\/#breadcrumb\"},\"inLanguage\":\"en-GB\",\"potentialAction\":[{\"@type\":\"ReadAction\",\"target\":[\"https:\\\/\\\/editionsspirale.com\\\/annales-editions-spirale\\\/\"]}]},{\"@type\":\"ImageObject\",\"inLanguage\":\"en-GB\",\"@id\":\"https:\\\/\\\/editionsspirale.com\\\/annales-editions-spirale\\\/#primaryimage\",\"url\":\"https:\\\/\\\/editionsspirale.com\\\/wp-content\\\/uploads\\\/2025\\\/01\\\/EB9-218x300.jpg\",\"contentUrl\":\"https:\\\/\\\/editionsspirale.com\\\/wp-content\\\/uploads\\\/2025\\\/01\\\/EB9-218x300.jpg\"},{\"@type\":\"BreadcrumbList\",\"@id\":\"https:\\\/\\\/editionsspirale.com\\\/annales-editions-spirale\\\/#breadcrumb\",\"itemListElement\":[{\"@type\":\"ListItem\",\"position\":1,\"name\":\"Accueil\",\"item\":\"https:\\\/\\\/www.editionsspirale.com\\\/\"},{\"@type\":\"ListItem\",\"position\":2,\"name\":\"Annales\"}]},{\"@type\":\"WebSite\",\"@id\":\"https:\\\/\\\/www.editionsspirale.com\\\/#website\",\"url\":\"https:\\\/\\\/www.editionsspirale.com\\\/\",\"name\":\"Editions Spirale\",\"description\":\"Maison d&#039;\u00e9dition scolaire de livres scientifiques\",\"publisher\":{\"@id\":\"https:\\\/\\\/www.editionsspirale.com\\\/#organization\"},\"potentialAction\":[{\"@type\":\"SearchAction\",\"target\":{\"@type\":\"EntryPoint\",\"urlTemplate\":\"https:\\\/\\\/www.editionsspirale.com\\\/?s={search_term_string}\"},\"query-input\":{\"@type\":\"PropertyValueSpecification\",\"valueRequired\":true,\"valueName\":\"search_term_string\"}}],\"inLanguage\":\"en-GB\"},{\"@type\":\"Organization\",\"@id\":\"https:\\\/\\\/www.editionsspirale.com\\\/#organization\",\"name\":\"Editions Spirale\",\"url\":\"https:\\\/\\\/www.editionsspirale.com\\\/\",\"logo\":{\"@type\":\"ImageObject\",\"inLanguage\":\"en-GB\",\"@id\":\"https:\\\/\\\/www.editionsspirale.com\\\/#\\\/schema\\\/logo\\\/image\\\/\",\"url\":\"https:\\\/\\\/editionsspirale.com\\\/wp-content\\\/uploads\\\/2024\\\/12\\\/cropped-Logo-Spirale.jpg\",\"contentUrl\":\"https:\\\/\\\/editionsspirale.com\\\/wp-content\\\/uploads\\\/2024\\\/12\\\/cropped-Logo-Spirale.jpg\",\"width\":174,\"height\":131,\"caption\":\"Editions Spirale\"},\"image\":{\"@id\":\"https:\\\/\\\/www.editionsspirale.com\\\/#\\\/schema\\\/logo\\\/image\\\/\"},\"sameAs\":[\"https:\\\/\\\/www.facebook.com\\\/spirale.editions\"]}]}<\/script>\n<!-- \/ Yoast SEO plugin. -->","yoast_head_json":{"title":"Annales - Editions Spirale","description":"Annales de physique, chimie et SVT pour la classe du brevet et le secondaire : r\u00e9sum\u00e9 du cours, probl\u00e8mes r\u00e9solus et examens officiels. Physics, Chemistry and Life Science Solved Problems for official exams and secondary cycle : summury of the course, solved problems and official exams.","robots":{"index":"index","follow":"follow","max-snippet":"max-snippet:-1","max-image-preview":"max-image-preview:large","max-video-preview":"max-video-preview:-1"},"canonical":"https:\/\/editionsspirale.com\/en\/annales-editions-spirale\/","og_locale":"en_GB","og_type":"article","og_title":"Annales - Editions Spirale","og_description":"Annales de physique, chimie et SVT pour la classe du brevet et le secondaire : r\u00e9sum\u00e9 du cours, probl\u00e8mes r\u00e9solus et examens officiels. Physics, Chemistry and Life Science Solved Problems for official exams and secondary cycle : summury of the course, solved problems and official exams.","og_url":"https:\/\/editionsspirale.com\/en\/annales-editions-spirale\/","og_site_name":"Editions Spirale","article_publisher":"https:\/\/www.facebook.com\/spirale.editions","article_modified_time":"2025-02-23T19:14:40+00:00","og_image":[{"url":"https:\/\/editionsspirale.com\/wp-content\/uploads\/2025\/01\/EB9-218x300.jpg","type":"","width":"","height":""}],"twitter_card":"summary_large_image","twitter_misc":{"Estimated reading time":"2 minutes"},"schema":{"@context":"https:\/\/schema.org","@graph":[{"@type":"WebPage","@id":"https:\/\/editionsspirale.com\/annales-editions-spirale\/","url":"https:\/\/editionsspirale.com\/annales-editions-spirale\/","name":"Annales - Editions Spirale","isPartOf":{"@id":"https:\/\/www.editionsspirale.com\/#website"},"primaryImageOfPage":{"@id":"https:\/\/editionsspirale.com\/annales-editions-spirale\/#primaryimage"},"image":{"@id":"https:\/\/editionsspirale.com\/annales-editions-spirale\/#primaryimage"},"thumbnailUrl":"https:\/\/editionsspirale.com\/wp-content\/uploads\/2025\/01\/EB9-218x300.jpg","datePublished":"2025-01-22T16:27:55+00:00","dateModified":"2025-02-23T19:14:40+00:00","description":"Annales de physique, chimie et SVT pour la classe du brevet et le secondaire : r\u00e9sum\u00e9 du cours, probl\u00e8mes r\u00e9solus et examens officiels. Physics, Chemistry and Life Science Solved Problems for official exams and secondary cycle : summury of the course, solved problems and official exams.","breadcrumb":{"@id":"https:\/\/editionsspirale.com\/annales-editions-spirale\/#breadcrumb"},"inLanguage":"en-GB","potentialAction":[{"@type":"ReadAction","target":["https:\/\/editionsspirale.com\/annales-editions-spirale\/"]}]},{"@type":"ImageObject","inLanguage":"en-GB","@id":"https:\/\/editionsspirale.com\/annales-editions-spirale\/#primaryimage","url":"https:\/\/editionsspirale.com\/wp-content\/uploads\/2025\/01\/EB9-218x300.jpg","contentUrl":"https:\/\/editionsspirale.com\/wp-content\/uploads\/2025\/01\/EB9-218x300.jpg"},{"@type":"BreadcrumbList","@id":"https:\/\/editionsspirale.com\/annales-editions-spirale\/#breadcrumb","itemListElement":[{"@type":"ListItem","position":1,"name":"Accueil","item":"https:\/\/www.editionsspirale.com\/"},{"@type":"ListItem","position":2,"name":"Annales"}]},{"@type":"WebSite","@id":"https:\/\/www.editionsspirale.com\/#website","url":"https:\/\/www.editionsspirale.com\/","name":"Spirale Publishers","description":"Scientific School Books","publisher":{"@id":"https:\/\/www.editionsspirale.com\/#organization"},"potentialAction":[{"@type":"SearchAction","target":{"@type":"EntryPoint","urlTemplate":"https:\/\/www.editionsspirale.com\/?s={search_term_string}"},"query-input":{"@type":"PropertyValueSpecification","valueRequired":true,"valueName":"search_term_string"}}],"inLanguage":"en-GB"},{"@type":"Organization","@id":"https:\/\/www.editionsspirale.com\/#organization","name":"Spirale Publishers","url":"https:\/\/www.editionsspirale.com\/","logo":{"@type":"ImageObject","inLanguage":"en-GB","@id":"https:\/\/www.editionsspirale.com\/#\/schema\/logo\/image\/","url":"https:\/\/editionsspirale.com\/wp-content\/uploads\/2024\/12\/cropped-Logo-Spirale.jpg","contentUrl":"https:\/\/editionsspirale.com\/wp-content\/uploads\/2024\/12\/cropped-Logo-Spirale.jpg","width":174,"height":131,"caption":"Editions Spirale"},"image":{"@id":"https:\/\/www.editionsspirale.com\/#\/schema\/logo\/image\/"},"sameAs":["https:\/\/www.facebook.com\/spirale.editions"]}]}},"_links":{"self":[{"href":"https:\/\/editionsspirale.com\/en\/wp-json\/wp\/v2\/pages\/279","targetHints":{"allow":["GET"]}}],"collection":[{"href":"https:\/\/editionsspirale.com\/en\/wp-json\/wp\/v2\/pages"}],"about":[{"href":"https:\/\/editionsspirale.com\/en\/wp-json\/wp\/v2\/types\/page"}],"author":[{"embeddable":true,"href":"https:\/\/editionsspirale.com\/en\/wp-json\/wp\/v2\/users\/1"}],"replies":[{"embeddable":true,"href":"https:\/\/editionsspirale.com\/en\/wp-json\/wp\/v2\/comments?post=279"}],"version-history":[{"count":23,"href":"https:\/\/editionsspirale.com\/en\/wp-json\/wp\/v2\/pages\/279\/revisions"}],"predecessor-version":[{"id":1770,"href":"https:\/\/editionsspirale.com\/en\/wp-json\/wp\/v2\/pages\/279\/revisions\/1770"}],"wp:attachment":[{"href":"https:\/\/editionsspirale.com\/en\/wp-json\/wp\/v2\/media?parent=279"}],"curies":[{"name":"wp","href":"https:\/\/api.w.org\/{rel}","templated":true}]}}