{"id":299,"date":"2025-01-22T18:15:19","date_gmt":"2025-01-22T17:15:19","guid":{"rendered":"https:\/?page_id=299"},"modified":"2025-02-17T19:31:56","modified_gmt":"2025-02-17T18:31:56","slug":"ebooks-editions-spirale","status":"publish","type":"page","link":"https:\/\/editionsspirale.com\/en\/ebooks-editions-spirale\/","title":{"rendered":"French E-books"},"content":{"rendered":"<div data-elementor-type=\"wp-page\" data-elementor-id=\"299\" class=\"elementor elementor-299\">\n\t\t\t\t<div class=\"elementor-element elementor-element-056f186 e-flex e-con-boxed e-con e-parent\" data-id=\"056f186\" data-element_type=\"container\" data-e-type=\"container\">\n\t\t\t\t\t<div class=\"e-con-inner\">\n\t\t\t\t<div class=\"elementor-element elementor-element-403c756 elementor-widget__width-inherit elementor-widget elementor-widget-heading\" data-id=\"403c756\" data-element_type=\"widget\" data-e-type=\"widget\" data-widget_type=\"heading.default\">\n\t\t\t\t<div class=\"elementor-widget-container\">\n\t\t\t\t\t<h1 class=\"elementor-heading-title elementor-size-default\">Nos E-books <\/h1>\t\t\t\t<\/div>\n\t\t\t\t<\/div>\n\t\t\t\t\t<\/div>\n\t\t\t\t<\/div>\n\t\t<div class=\"elementor-element elementor-element-3f38596 e-flex e-con-boxed e-con e-parent\" data-id=\"3f38596\" data-element_type=\"container\" data-e-type=\"container\">\n\t\t\t\t\t<div class=\"e-con-inner\">\n\t\t<div class=\"elementor-element elementor-element-57555ac e-con-full e-flex e-con e-child\" data-id=\"57555ac\" data-element_type=\"container\" data-e-type=\"container\" data-settings=\"{&quot;background_background&quot;:&quot;classic&quot;}\">\n\t\t\t\t<div class=\"elementor-element elementor-element-00b641f elementor-widget__width-auto elementor-widget elementor-widget-text-editor\" data-id=\"00b641f\" data-element_type=\"widget\" data-e-type=\"widget\" data-widget_type=\"text-editor.default\">\n\t\t\t\t<div class=\"elementor-widget-container\">\n\t\t\t\t\t\t\t\t\t<p>Nos E-books interactifs existent du\u00a0EB1 au EB9.<\/p><p>Le PDF est enrichi de vid\u00e9os, animations, exp\u00e9riences en laboratoire et exercices interactifs.<\/p><p>Ils permettent d&rsquo;animer le cours, de s&rsquo;entrainer \u00e0 la maison et de faciliter la compr\u00e9hension des notions en stimulant l&rsquo;observation et la m\u00e9moire visuelle.<\/p>\t\t\t\t\t\t\t\t<\/div>\n\t\t\t\t<\/div>\n\t\t\t\t<\/div>\n\t\t<div class=\"elementor-element elementor-element-ff27632 e-con-full e-flex e-con e-child\" data-id=\"ff27632\" data-element_type=\"container\" data-e-type=\"container\">\n\t\t\t\t<div class=\"elementor-element elementor-element-4e9064c elementor-widget elementor-widget-shortcode\" data-id=\"4e9064c\" data-element_type=\"widget\" data-e-type=\"widget\" data-widget_type=\"shortcode.default\">\n\t\t\t\t<div class=\"elementor-widget-container\">\n\t\t\t\t\t\t\t<div class=\"elementor-shortcode\"><div class=\"_df_book df-lite\" id=\"df_1062\"  _slug=\"eb5-extrait\" data-title=\"eb5-extrait\" wpoptions=\"true\" thumbtype=\"\" ><\/div><script class=\"df-shortcode-script\" nowprocket type=\"application\/javascript\">window.option_df_1062 = {\"outline\":[],\"autoEnableOutline\":\"false\",\"autoEnableThumbnail\":\"false\",\"overwritePDFOutline\":\"false\",\"direction\":\"1\",\"pageSize\":\"0\",\"source\":\"http:\\\/\\\/editionsspirale.com\\\/wp-content\\\/uploads\\\/06-t5-26-La-terre-et-lunivers-EB5.pdf\",\"wpOptions\":\"true\"}; if(window.DFLIP && window.DFLIP.parseBooks){window.DFLIP.parseBooks();}<\/script> <\/div>\n\t\t\t\t\t\t<\/div>\n\t\t\t\t<\/div>\n\t\t\t\t<\/div>\n\t\t\t\t\t<\/div>\n\t\t\t\t<\/div>\n\t\t<div class=\"elementor-element elementor-element-6e32cca e-flex e-con-boxed e-con e-parent\" data-id=\"6e32cca\" data-element_type=\"container\" data-e-type=\"container\">\n\t\t\t\t\t<div class=\"e-con-inner\">\n\t\t<div class=\"elementor-element elementor-element-dd14bc1 e-con-full e-flex e-con e-child\" data-id=\"dd14bc1\" data-element_type=\"container\" data-e-type=\"container\">\n\t\t\t\t<div class=\"elementor-element elementor-element-3ba1f9a elementor-widget elementor-widget-heading\" data-id=\"3ba1f9a\" data-element_type=\"widget\" data-e-type=\"widget\" data-widget_type=\"heading.default\">\n\t\t\t\t<div class=\"elementor-widget-container\">\n\t\t\t\t\t<h2 class=\"elementor-heading-title elementor-size-default\">Reportage t\u00e9l\u00e9vis\u00e9 sur le d\u00e9but des E-Books<\/h2>\t\t\t\t<\/div>\n\t\t\t\t<\/div>\n\t\t\t\t<div class=\"elementor-element elementor-element-ca01da7 elementor-widget__width-inherit elementor-widget elementor-widget-video\" data-id=\"ca01da7\" data-element_type=\"widget\" data-e-type=\"widget\" data-settings=\"{&quot;youtube_url&quot;:&quot;https:\\\/\\\/www.youtube.com\\\/watch?v=9Dj6svqq2Zc&quot;,&quot;start&quot;:45,&quot;end&quot;:650,&quot;show_image_overlay&quot;:&quot;yes&quot;,&quot;image_overlay&quot;:{&quot;url&quot;:&quot;http:\\\/\\\/editionsspirale.com\\\/wp-content\\\/uploads\\\/Capture-decran-2.png&quot;,&quot;id&quot;:897,&quot;size&quot;:&quot;&quot;,&quot;alt&quot;:&quot;&quot;,&quot;source&quot;:&quot;library&quot;},&quot;video_type&quot;:&quot;youtube&quot;,&quot;controls&quot;:&quot;yes&quot;}\" data-widget_type=\"video.default\">\n\t\t\t\t<div class=\"elementor-widget-container\">\n\t\t\t\t\t\t\t<div class=\"elementor-wrapper elementor-open-inline\">\n\t\t\t<div class=\"elementor-video\"><\/div>\t\t\t\t<div class=\"elementor-custom-embed-image-overlay\" style=\"background-image: url(https:\/\/editionsspirale.com\/wp-content\/uploads\/Capture-decran-2.png);\">\n\t\t\t\t\t\t\t\t\t\t\t\t\t\t\t\t<div class=\"elementor-custom-embed-play\" role=\"button\" aria-label=\"Play Video\" tabindex=\"0\">\n\t\t\t\t\t\t\t<svg aria-hidden=\"true\" class=\"e-font-icon-svg e-eicon-play\" viewbox=\"0 0 1000 1000\" xmlns=\"http:\/\/www.w3.org\/2000\/svg\"><path d=\"M838 162C746 71 633 25 500 25 371 25 258 71 163 162 71 254 25 367 25 500 25 633 71 746 163 837 254 929 367 979 500 979 633 979 746 933 838 837 929 746 975 633 975 500 975 367 929 254 838 162M808 192C892 279 933 379 933 500 933 621 892 725 808 808 725 892 621 938 500 938 379 938 279 896 196 808 113 725 67 621 67 500 67 379 108 279 196 192 279 108 383 62 500 62 621 62 721 108 808 192M438 392V642L642 517 438 392Z\"><\/path><\/svg>\t\t\t\t\t\t<\/div>\n\t\t\t\t\t\t\t\t\t<\/div>\n\t\t\t\t\t<\/div>\n\t\t\t\t\t\t<\/div>\n\t\t\t\t<\/div>\n\t\t<div class=\"elementor-element elementor-element-bc9db56 e-con-full e-flex e-con e-child\" data-id=\"bc9db56\" data-element_type=\"container\" data-e-type=\"container\">\n\t\t\t\t<div class=\"elementor-element elementor-element-b739577 elementor-widget elementor-widget-heading\" data-id=\"b739577\" data-element_type=\"widget\" data-e-type=\"widget\" data-widget_type=\"heading.default\">\n\t\t\t\t<div class=\"elementor-widget-container\">\n\t\t\t\t\t<h2 class=\"elementor-heading-title elementor-size-default\">E-Book  SV terminale<\/h2>\t\t\t\t<\/div>\n\t\t\t\t<\/div>\n\t\t\t\t<div class=\"elementor-element elementor-element-04aed7b elementor-widget__width-initial elementor-widget elementor-widget-image\" data-id=\"04aed7b\" data-element_type=\"widget\" data-e-type=\"widget\" data-widget_type=\"image.default\">\n\t\t\t\t<div class=\"elementor-widget-container\">\n\t\t\t\t\t\t\t\t\t\t\t\t\t\t\t<img fetchpriority=\"high\" decoding=\"async\" width=\"242\" height=\"300\" src=\"https:\/\/editionsspirale.com\/wp-content\/uploads\/Couverture-SV-12-242x300.png\" class=\"attachment-medium size-medium wp-image-1556\" alt=\"\" srcset=\"https:\/\/editionsspirale.com\/wp-content\/uploads\/Couverture-SV-12-242x300.png 242w, https:\/\/editionsspirale.com\/wp-content\/uploads\/Couverture-SV-12-10x12.png 10w, https:\/\/editionsspirale.com\/wp-content\/uploads\/Couverture-SV-12.png 521w\" sizes=\"(max-width: 242px) 100vw, 242px\" \/>\t\t\t\t\t\t\t\t\t\t\t\t\t\t\t<\/div>\n\t\t\t\t<\/div>\n\t\t<div class=\"elementor-element elementor-element-45163c9 e-con-full e-flex e-con e-child\" data-id=\"45163c9\" data-element_type=\"container\" data-e-type=\"container\">\n\t\t\t\t<div class=\"elementor-element elementor-element-606710f elementor-widget elementor-widget-heading\" data-id=\"606710f\" data-element_type=\"widget\" data-e-type=\"widget\" data-widget_type=\"heading.default\">\n\t\t\t\t<div class=\"elementor-widget-container\">\n\t\t\t\t\t<h2 class=\"elementor-heading-title elementor-size-default\">SV 12\n\n<\/h2>\t\t\t\t<\/div>\n\t\t\t\t<\/div>\n\t\t\t\t<\/div>\n\t\t<div class=\"elementor-element elementor-element-4f5f205 e-con-full e-flex e-con e-child\" data-id=\"4f5f205\" data-element_type=\"container\" data-e-type=\"container\">\n\t\t\t\t<div class=\"elementor-element elementor-element-d22d1a6 elementor-widget elementor-widget-n-accordion\" data-id=\"d22d1a6\" data-element_type=\"widget\" data-e-type=\"widget\" data-settings=\"{&quot;default_state&quot;:&quot;expanded&quot;,&quot;max_items_expended&quot;:&quot;one&quot;,&quot;n_accordion_animation_duration&quot;:{&quot;unit&quot;:&quot;ms&quot;,&quot;size&quot;:400,&quot;sizes&quot;:[]}}\" data-widget_type=\"nested-accordion.default\">\n\t\t\t\t<div class=\"elementor-widget-container\">\n\t\t\t\t\t\t\t<div class=\"e-n-accordion\" aria-label=\"Accordion. Open links with Enter or Space, close with Escape, and navigate with Arrow Keys\">\n\t\t\t\t\t\t<details id=\"e-n-accordion-item-2200\" class=\"e-n-accordion-item\" open>\n\t\t\t\t<summary class=\"e-n-accordion-item-title\" data-accordion-index=\"1\" tabindex=\"0\" aria-expanded=\"true\" aria-controls=\"e-n-accordion-item-2200\" >\n\t\t\t\t\t<span class='e-n-accordion-item-title-header'><div class=\"e-n-accordion-item-title-text\"> Descriptif <\/div><\/span>\n\t\t\t\t\t\t\t<span class='e-n-accordion-item-title-icon'>\n\t\t\t<span class='e-opened' ><svg aria-hidden=\"true\" class=\"e-font-icon-svg e-fas-minus\" viewbox=\"0 0 448 512\" xmlns=\"http:\/\/www.w3.org\/2000\/svg\"><path d=\"M416 208H32c-17.67 0-32 14.33-32 32v32c0 17.67 14.33 32 32 32h384c17.67 0 32-14.33 32-32v-32c0-17.67-14.33-32-32-32z\"><\/path><\/svg><\/span>\n\t\t\t<span class='e-closed'><svg aria-hidden=\"true\" class=\"e-font-icon-svg e-fas-plus\" viewbox=\"0 0 448 512\" xmlns=\"http:\/\/www.w3.org\/2000\/svg\"><path d=\"M416 208H272V64c0-17.67-14.33-32-32-32h-32c-17.67 0-32 14.33-32 32v144H32c-17.67 0-32 14.33-32 32v32c0 17.67 14.33 32 32 32h144v144c0 17.67 14.33 32 32 32h32c17.67 0 32-14.33 32-32V304h144c17.67 0 32-14.33 32-32v-32c0-17.67-14.33-32-32-32z\"><\/path><\/svg><\/span>\n\t\t<\/span>\n\n\t\t\t\t\t\t<\/summary>\n\t\t\t\t<div role=\"region\" aria-labelledby=\"e-n-accordion-item-2200\" class=\"elementor-element elementor-element-2fd239e e-con-full e-flex e-con e-child\" data-id=\"2fd239e\" data-element_type=\"container\" data-e-type=\"container\">\n\t\t\t\t<div class=\"elementor-element elementor-element-7d6ffe0 elementor-widget elementor-widget-text-editor\" data-id=\"7d6ffe0\" data-element_type=\"widget\" data-e-type=\"widget\" data-widget_type=\"text-editor.default\">\n\t\t\t\t<div class=\"elementor-widget-container\">\n\t\t\t\t\t\t\t\t\t<p>E-Book SV pour la classe de terminale.<\/p><p>20 $<\/p>\t\t\t\t\t\t\t\t<\/div>\n\t\t\t\t<\/div>\n\t\t\t\t<\/div>\n\t\t\t\t\t<\/details>\n\t\t\t\t\t\t<details id=\"e-n-accordion-item-2201\" class=\"e-n-accordion-item\" >\n\t\t\t\t<summary class=\"e-n-accordion-item-title\" data-accordion-index=\"2\" tabindex=\"-1\" aria-expanded=\"false\" aria-controls=\"e-n-accordion-item-2201\" >\n\t\t\t\t\t<span class='e-n-accordion-item-title-header'><div class=\"e-n-accordion-item-title-text\"> Lire un extrait <\/div><\/span>\n\t\t\t\t\t\t\t<span class='e-n-accordion-item-title-icon'>\n\t\t\t<span class='e-opened' ><svg aria-hidden=\"true\" class=\"e-font-icon-svg e-fas-minus\" viewbox=\"0 0 448 512\" xmlns=\"http:\/\/www.w3.org\/2000\/svg\"><path d=\"M416 208H32c-17.67 0-32 14.33-32 32v32c0 17.67 14.33 32 32 32h384c17.67 0 32-14.33 32-32v-32c0-17.67-14.33-32-32-32z\"><\/path><\/svg><\/span>\n\t\t\t<span class='e-closed'><svg aria-hidden=\"true\" class=\"e-font-icon-svg e-fas-plus\" viewbox=\"0 0 448 512\" xmlns=\"http:\/\/www.w3.org\/2000\/svg\"><path d=\"M416 208H272V64c0-17.67-14.33-32-32-32h-32c-17.67 0-32 14.33-32 32v144H32c-17.67 0-32 14.33-32 32v32c0 17.67 14.33 32 32 32h144v144c0 17.67 14.33 32 32 32h32c17.67 0 32-14.33 32-32V304h144c17.67 0 32-14.33 32-32v-32c0-17.67-14.33-32-32-32z\"><\/path><\/svg><\/span>\n\t\t<\/span>\n\n\t\t\t\t\t\t<\/summary>\n\t\t\t\t<div role=\"region\" aria-labelledby=\"e-n-accordion-item-2201\" class=\"elementor-element elementor-element-2597b5b e-con-full e-flex e-con e-child\" data-id=\"2597b5b\" data-element_type=\"container\" data-e-type=\"container\">\n\t\t\t\t<div class=\"elementor-element elementor-element-b728574 elementor-widget elementor-widget-shortcode\" data-id=\"b728574\" data-element_type=\"widget\" data-e-type=\"widget\" data-widget_type=\"shortcode.default\">\n\t\t\t\t<div class=\"elementor-widget-container\">\n\t\t\t\t\t\t\t<div class=\"elementor-shortcode\"><div class=\"_df_book df-lite\" id=\"df_1553\"  _slug=\"svt-12-extrait\" data-title=\"svt-12-extrait\" wpoptions=\"true\" thumbtype=\"\" ><\/div><script class=\"df-shortcode-script\" nowprocket type=\"application\/javascript\">window.option_df_1553 = {\"outline\":[],\"autoEnableOutline\":\"false\",\"autoEnableThumbnail\":\"false\",\"overwritePDFOutline\":\"false\",\"direction\":\"1\",\"pageSize\":\"0\",\"source\":\"https:\\\/\\\/editionsspirale.com\\\/wp-content\\\/uploads\\\/Extrait-SVT-12.pdf\",\"wpOptions\":\"true\"}; if(window.DFLIP && window.DFLIP.parseBooks){window.DFLIP.parseBooks();}<\/script><\/div>\n\t\t\t\t\t\t<\/div>\n\t\t\t\t<\/div>\n\t\t\t\t<\/div>\n\t\t\t\t\t<\/details>\n\t\t\t\t\t<\/div>\n\t\t\t\t\t\t<\/div>\n\t\t\t\t<\/div>\n\t\t<div class=\"elementor-element elementor-element-e93f517 e-con-full e-flex e-con e-child\" data-id=\"e93f517\" data-element_type=\"container\" data-e-type=\"container\">\n\t\t\t\t<\/div>\n\t\t\t\t<\/div>\n\t\t\t\t<\/div>\n\t\t\t\t<\/div>\n\t\t\t\t\t<\/div>\n\t\t\t\t<\/div>\n\t\t\t\t<\/div>","protected":false},"excerpt":{"rendered":"<p>Nos E-books Nos E-books interactifs existent du\u00a0EB1 au EB9. Le PDF est enrichi de vid\u00e9os, animations, exp\u00e9riences en laboratoire et exercices interactifs. Ils permettent d&rsquo;animer le cours, de s&rsquo;entrainer \u00e0 la maison et de faciliter la compr\u00e9hension des notions en stimulant l&rsquo;observation et la m\u00e9moire visuelle. Reportage t\u00e9l\u00e9vis\u00e9 sur le d\u00e9but des E-Books E-Book SV&#8230;<\/p>","protected":false},"author":1,"featured_media":0,"parent":0,"menu_order":0,"comment_status":"closed","ping_status":"closed","template":"","meta":{"_kadence_starter_templates_imported_post":false,"_kad_post_transparent":"","_kad_post_title":"hide","_kad_post_layout":"fullwidth","_kad_post_sidebar_id":"","_kad_post_content_style":"unboxed","_kad_post_vertical_padding":"hide","_kad_post_feature":"hide","_kad_post_feature_position":"","_kad_post_header":false,"_kad_post_footer":false,"footnotes":""},"class_list":["post-299","page","type-page","status-publish","hentry"],"yoast_head":"<!-- This site is optimized with the Yoast SEO plugin v27.5 - https:\/\/yoast.com\/product\/yoast-seo-wordpress\/ -->\n<title>Ebooks fran\u00e7ais - Editions Spirale<\/title>\n<meta name=\"description\" content=\"E-books interactifs, vid\u00e9os, animations, exp\u00e9riences de laboratoire, exercices interactifs. Interactive E-books, videos, animations, lab experiments, interactive exercises.\" \/>\n<meta name=\"robots\" content=\"index, follow, max-snippet:-1, max-image-preview:large, max-video-preview:-1\" \/>\n<link rel=\"canonical\" href=\"https:\/\/editionsspirale.com\/en\/ebooks-editions-spirale\/\" \/>\n<meta property=\"og:locale\" content=\"en_GB\" \/>\n<meta property=\"og:type\" content=\"article\" \/>\n<meta property=\"og:title\" content=\"Ebooks fran\u00e7ais - Editions Spirale\" \/>\n<meta property=\"og:description\" content=\"E-books interactifs, vid\u00e9os, animations, exp\u00e9riences de laboratoire, exercices interactifs. Interactive E-books, videos, animations, lab experiments, interactive exercises.\" \/>\n<meta property=\"og:url\" content=\"https:\/\/editionsspirale.com\/en\/ebooks-editions-spirale\/\" \/>\n<meta property=\"og:site_name\" content=\"Editions Spirale\" \/>\n<meta property=\"article:publisher\" content=\"https:\/\/www.facebook.com\/spirale.editions\" \/>\n<meta property=\"article:modified_time\" content=\"2025-02-17T18:31:56+00:00\" \/>\n<meta property=\"og:image\" content=\"https:\/\/editionsspirale.com\/wp-content\/uploads\/Couverture-SV-12-242x300.png\" \/>\n<meta name=\"twitter:card\" content=\"summary_large_image\" \/>\n<meta name=\"twitter:label1\" content=\"Estimated reading time\" \/>\n\t<meta name=\"twitter:data1\" content=\"1 minute\" \/>\n<script type=\"application\/ld+json\" class=\"yoast-schema-graph\">{\"@context\":\"https:\\\/\\\/schema.org\",\"@graph\":[{\"@type\":\"WebPage\",\"@id\":\"https:\\\/\\\/editionsspirale.com\\\/en\\\/ebooks-editions-spirale\\\/\",\"url\":\"https:\\\/\\\/editionsspirale.com\\\/en\\\/ebooks-editions-spirale\\\/\",\"name\":\"Ebooks fran\u00e7ais - Editions Spirale\",\"isPartOf\":{\"@id\":\"https:\\\/\\\/www.editionsspirale.com\\\/#website\"},\"primaryImageOfPage\":{\"@id\":\"https:\\\/\\\/editionsspirale.com\\\/en\\\/ebooks-editions-spirale\\\/#primaryimage\"},\"image\":{\"@id\":\"https:\\\/\\\/editionsspirale.com\\\/en\\\/ebooks-editions-spirale\\\/#primaryimage\"},\"thumbnailUrl\":\"https:\\\/\\\/editionsspirale.com\\\/wp-content\\\/uploads\\\/Couverture-SV-12-242x300.png\",\"datePublished\":\"2025-01-22T17:15:19+00:00\",\"dateModified\":\"2025-02-17T18:31:56+00:00\",\"description\":\"E-books interactifs, vid\u00e9os, animations, exp\u00e9riences de laboratoire, exercices interactifs. Interactive E-books, videos, animations, lab experiments, interactive exercises.\",\"breadcrumb\":{\"@id\":\"https:\\\/\\\/editionsspirale.com\\\/en\\\/ebooks-editions-spirale\\\/#breadcrumb\"},\"inLanguage\":\"en-GB\",\"potentialAction\":[{\"@type\":\"ReadAction\",\"target\":[\"https:\\\/\\\/editionsspirale.com\\\/en\\\/ebooks-editions-spirale\\\/\"]}]},{\"@type\":\"ImageObject\",\"inLanguage\":\"en-GB\",\"@id\":\"https:\\\/\\\/editionsspirale.com\\\/en\\\/ebooks-editions-spirale\\\/#primaryimage\",\"url\":\"https:\\\/\\\/editionsspirale.com\\\/wp-content\\\/uploads\\\/Couverture-SV-12-242x300.png\",\"contentUrl\":\"https:\\\/\\\/editionsspirale.com\\\/wp-content\\\/uploads\\\/Couverture-SV-12-242x300.png\"},{\"@type\":\"BreadcrumbList\",\"@id\":\"https:\\\/\\\/editionsspirale.com\\\/en\\\/ebooks-editions-spirale\\\/#breadcrumb\",\"itemListElement\":[{\"@type\":\"ListItem\",\"position\":1,\"name\":\"Accueil\",\"item\":\"https:\\\/\\\/www.editionsspirale.com\\\/\"},{\"@type\":\"ListItem\",\"position\":2,\"name\":\"Ebooks fran\u00e7ais\"}]},{\"@type\":\"WebSite\",\"@id\":\"https:\\\/\\\/www.editionsspirale.com\\\/#website\",\"url\":\"https:\\\/\\\/www.editionsspirale.com\\\/\",\"name\":\"Editions Spirale\",\"description\":\"Maison d&#039;\u00e9dition scolaire de livres scientifiques\",\"publisher\":{\"@id\":\"https:\\\/\\\/www.editionsspirale.com\\\/#organization\"},\"potentialAction\":[{\"@type\":\"SearchAction\",\"target\":{\"@type\":\"EntryPoint\",\"urlTemplate\":\"https:\\\/\\\/www.editionsspirale.com\\\/?s={search_term_string}\"},\"query-input\":{\"@type\":\"PropertyValueSpecification\",\"valueRequired\":true,\"valueName\":\"search_term_string\"}}],\"inLanguage\":\"en-GB\"},{\"@type\":\"Organization\",\"@id\":\"https:\\\/\\\/www.editionsspirale.com\\\/#organization\",\"name\":\"Editions Spirale\",\"url\":\"https:\\\/\\\/www.editionsspirale.com\\\/\",\"logo\":{\"@type\":\"ImageObject\",\"inLanguage\":\"en-GB\",\"@id\":\"https:\\\/\\\/www.editionsspirale.com\\\/#\\\/schema\\\/logo\\\/image\\\/\",\"url\":\"https:\\\/\\\/editionsspirale.com\\\/wp-content\\\/uploads\\\/2024\\\/12\\\/cropped-Logo-Spirale.jpg\",\"contentUrl\":\"https:\\\/\\\/editionsspirale.com\\\/wp-content\\\/uploads\\\/2024\\\/12\\\/cropped-Logo-Spirale.jpg\",\"width\":174,\"height\":131,\"caption\":\"Editions Spirale\"},\"image\":{\"@id\":\"https:\\\/\\\/www.editionsspirale.com\\\/#\\\/schema\\\/logo\\\/image\\\/\"},\"sameAs\":[\"https:\\\/\\\/www.facebook.com\\\/spirale.editions\"]}]}<\/script>\n<!-- \/ Yoast SEO plugin. -->","yoast_head_json":{"title":"Ebooks fran\u00e7ais - Editions Spirale","description":"E-books interactifs, vid\u00e9os, animations, exp\u00e9riences de laboratoire, exercices interactifs. Interactive E-books, videos, animations, lab experiments, interactive exercises.","robots":{"index":"index","follow":"follow","max-snippet":"max-snippet:-1","max-image-preview":"max-image-preview:large","max-video-preview":"max-video-preview:-1"},"canonical":"https:\/\/editionsspirale.com\/en\/ebooks-editions-spirale\/","og_locale":"en_GB","og_type":"article","og_title":"Ebooks fran\u00e7ais - Editions Spirale","og_description":"E-books interactifs, vid\u00e9os, animations, exp\u00e9riences de laboratoire, exercices interactifs. Interactive E-books, videos, animations, lab experiments, interactive exercises.","og_url":"https:\/\/editionsspirale.com\/en\/ebooks-editions-spirale\/","og_site_name":"Editions Spirale","article_publisher":"https:\/\/www.facebook.com\/spirale.editions","article_modified_time":"2025-02-17T18:31:56+00:00","og_image":[{"url":"https:\/\/editionsspirale.com\/wp-content\/uploads\/Couverture-SV-12-242x300.png","type":"","width":"","height":""}],"twitter_card":"summary_large_image","twitter_misc":{"Estimated reading time":"1 minute"},"schema":{"@context":"https:\/\/schema.org","@graph":[{"@type":"WebPage","@id":"https:\/\/editionsspirale.com\/en\/ebooks-editions-spirale\/","url":"https:\/\/editionsspirale.com\/en\/ebooks-editions-spirale\/","name":"Ebooks fran\u00e7ais - Editions Spirale","isPartOf":{"@id":"https:\/\/www.editionsspirale.com\/#website"},"primaryImageOfPage":{"@id":"https:\/\/editionsspirale.com\/en\/ebooks-editions-spirale\/#primaryimage"},"image":{"@id":"https:\/\/editionsspirale.com\/en\/ebooks-editions-spirale\/#primaryimage"},"thumbnailUrl":"https:\/\/editionsspirale.com\/wp-content\/uploads\/Couverture-SV-12-242x300.png","datePublished":"2025-01-22T17:15:19+00:00","dateModified":"2025-02-17T18:31:56+00:00","description":"E-books interactifs, vid\u00e9os, animations, exp\u00e9riences de laboratoire, exercices interactifs. Interactive E-books, videos, animations, lab experiments, interactive exercises.","breadcrumb":{"@id":"https:\/\/editionsspirale.com\/en\/ebooks-editions-spirale\/#breadcrumb"},"inLanguage":"en-GB","potentialAction":[{"@type":"ReadAction","target":["https:\/\/editionsspirale.com\/en\/ebooks-editions-spirale\/"]}]},{"@type":"ImageObject","inLanguage":"en-GB","@id":"https:\/\/editionsspirale.com\/en\/ebooks-editions-spirale\/#primaryimage","url":"https:\/\/editionsspirale.com\/wp-content\/uploads\/Couverture-SV-12-242x300.png","contentUrl":"https:\/\/editionsspirale.com\/wp-content\/uploads\/Couverture-SV-12-242x300.png"},{"@type":"BreadcrumbList","@id":"https:\/\/editionsspirale.com\/en\/ebooks-editions-spirale\/#breadcrumb","itemListElement":[{"@type":"ListItem","position":1,"name":"Accueil","item":"https:\/\/www.editionsspirale.com\/"},{"@type":"ListItem","position":2,"name":"Ebooks fran\u00e7ais"}]},{"@type":"WebSite","@id":"https:\/\/www.editionsspirale.com\/#website","url":"https:\/\/www.editionsspirale.com\/","name":"Spirale Publishers","description":"Scientific School Books","publisher":{"@id":"https:\/\/www.editionsspirale.com\/#organization"},"potentialAction":[{"@type":"SearchAction","target":{"@type":"EntryPoint","urlTemplate":"https:\/\/www.editionsspirale.com\/?s={search_term_string}"},"query-input":{"@type":"PropertyValueSpecification","valueRequired":true,"valueName":"search_term_string"}}],"inLanguage":"en-GB"},{"@type":"Organization","@id":"https:\/\/www.editionsspirale.com\/#organization","name":"Spirale Publishers","url":"https:\/\/www.editionsspirale.com\/","logo":{"@type":"ImageObject","inLanguage":"en-GB","@id":"https:\/\/www.editionsspirale.com\/#\/schema\/logo\/image\/","url":"https:\/\/editionsspirale.com\/wp-content\/uploads\/2024\/12\/cropped-Logo-Spirale.jpg","contentUrl":"https:\/\/editionsspirale.com\/wp-content\/uploads\/2024\/12\/cropped-Logo-Spirale.jpg","width":174,"height":131,"caption":"Editions Spirale"},"image":{"@id":"https:\/\/www.editionsspirale.com\/#\/schema\/logo\/image\/"},"sameAs":["https:\/\/www.facebook.com\/spirale.editions"]}]}},"_links":{"self":[{"href":"https:\/\/editionsspirale.com\/en\/wp-json\/wp\/v2\/pages\/299","targetHints":{"allow":["GET"]}}],"collection":[{"href":"https:\/\/editionsspirale.com\/en\/wp-json\/wp\/v2\/pages"}],"about":[{"href":"https:\/\/editionsspirale.com\/en\/wp-json\/wp\/v2\/types\/page"}],"author":[{"embeddable":true,"href":"https:\/\/editionsspirale.com\/en\/wp-json\/wp\/v2\/users\/1"}],"replies":[{"embeddable":true,"href":"https:\/\/editionsspirale.com\/en\/wp-json\/wp\/v2\/comments?post=299"}],"version-history":[{"count":124,"href":"https:\/\/editionsspirale.com\/en\/wp-json\/wp\/v2\/pages\/299\/revisions"}],"predecessor-version":[{"id":1723,"href":"https:\/\/editionsspirale.com\/en\/wp-json\/wp\/v2\/pages\/299\/revisions\/1723"}],"wp:attachment":[{"href":"https:\/\/editionsspirale.com\/en\/wp-json\/wp\/v2\/media?parent=299"}],"curies":[{"name":"wp","href":"https:\/\/api.w.org\/{rel}","templated":true}]}}