{"id":314,"date":"2025-01-22T18:18:13","date_gmt":"2025-01-22T17:18:13","guid":{"rendered":"https:\/?page_id=314"},"modified":"2025-02-14T10:08:12","modified_gmt":"2025-02-14T09:08:12","slug":"solved-problems-editions-spirale","status":"publish","type":"page","link":"https:\/\/editionsspirale.com\/en\/solved-problems-editions-spirale\/","title":{"rendered":"Solved problems"},"content":{"rendered":"<div data-elementor-type=\"wp-page\" data-elementor-id=\"314\" class=\"elementor elementor-314\">\n\t\t\t\t<div class=\"elementor-element elementor-element-6ebec29 e-flex e-con-boxed e-con e-parent\" data-id=\"6ebec29\" data-element_type=\"container\" data-e-type=\"container\">\n\t\t\t\t\t<div class=\"e-con-inner\">\n\t\t\t\t<div class=\"elementor-element elementor-element-d3da6dc elementor-widget elementor-widget-heading\" data-id=\"d3da6dc\" data-element_type=\"widget\" data-e-type=\"widget\" data-widget_type=\"heading.default\">\n\t\t\t\t<div class=\"elementor-widget-container\">\n\t\t\t\t\t<h1 class=\"elementor-heading-title elementor-size-default\">Solved problems<\/h1>\t\t\t\t<\/div>\n\t\t\t\t<\/div>\n\t\t\t\t\t<\/div>\n\t\t\t\t<\/div>\n\t\t<div class=\"elementor-element elementor-element-494a842 e-flex e-con-boxed e-con e-parent\" data-id=\"494a842\" data-element_type=\"container\" data-e-type=\"container\">\n\t\t\t\t\t<div class=\"e-con-inner\">\n\t\t<div class=\"elementor-element elementor-element-3a201ae e-con-full e-flex e-con e-child\" data-id=\"3a201ae\" data-element_type=\"container\" data-e-type=\"container\">\n\t\t\t\t<div class=\"elementor-element elementor-element-8204b6c elementor-widget elementor-widget-image\" data-id=\"8204b6c\" data-element_type=\"widget\" data-e-type=\"widget\" data-widget_type=\"image.default\">\n\t\t\t\t<div class=\"elementor-widget-container\">\n\t\t\t\t\t\t\t\t\t\t\t\t\t\t\t<img fetchpriority=\"high\" decoding=\"async\" width=\"222\" height=\"300\" src=\"https:\/\/editionsspirale.com\/wp-content\/uploads\/2025\/01\/Physics-9-1-222x300.jpg\" class=\"attachment-medium size-medium wp-image-291\" alt=\"\" srcset=\"https:\/\/editionsspirale.com\/wp-content\/uploads\/2025\/01\/Physics-9-1-222x300.jpg 222w, https:\/\/editionsspirale.com\/wp-content\/uploads\/2025\/01\/Physics-9-1-757x1024.jpg 757w, https:\/\/editionsspirale.com\/wp-content\/uploads\/2025\/01\/Physics-9-1-768x1038.jpg 768w, https:\/\/editionsspirale.com\/wp-content\/uploads\/2025\/01\/Physics-9-1-1136x1536.jpg 1136w, https:\/\/editionsspirale.com\/wp-content\/uploads\/2025\/01\/Physics-9-1-1515x2048.jpg 1515w, https:\/\/editionsspirale.com\/wp-content\/uploads\/2025\/01\/Physics-9-1-9x12.jpg 9w, https:\/\/editionsspirale.com\/wp-content\/uploads\/2025\/01\/Physics-9-1-scaled.jpg 1894w\" sizes=\"(max-width: 222px) 100vw, 222px\" \/>\t\t\t\t\t\t\t\t\t\t\t\t\t\t\t<\/div>\n\t\t\t\t<\/div>\n\t\t\t\t<div class=\"elementor-element elementor-element-77c99b3 elementor-widget elementor-widget-heading\" data-id=\"77c99b3\" data-element_type=\"widget\" data-e-type=\"widget\" data-widget_type=\"heading.default\">\n\t\t\t\t<div class=\"elementor-widget-container\">\n\t\t\t\t\t<h2 class=\"elementor-heading-title elementor-size-default\">Solved problems Physics grade 9<\/h2>\t\t\t\t<\/div>\n\t\t\t\t<\/div>\n\t\t\t\t<div class=\"elementor-element elementor-element-2af5021 elementor-widget elementor-widget-text-editor\" data-id=\"2af5021\" data-element_type=\"widget\" data-e-type=\"widget\" data-widget_type=\"text-editor.default\">\n\t\t\t\t<div class=\"elementor-widget-container\">\n\t\t\t\t\t\t\t\t\t<p>Solved problems and official exams.<\/p><p>12.5 $<\/p>\t\t\t\t\t\t\t\t<\/div>\n\t\t\t\t<\/div>\n\t\t\t\t<\/div>\n\t\t<div class=\"elementor-element elementor-element-851d0de e-con-full e-flex e-con e-child\" data-id=\"851d0de\" data-element_type=\"container\" data-e-type=\"container\">\n\t\t\t\t<div class=\"elementor-element elementor-element-c3063e0 elementor-widget elementor-widget-image\" data-id=\"c3063e0\" data-element_type=\"widget\" data-e-type=\"widget\" data-widget_type=\"image.default\">\n\t\t\t\t<div class=\"elementor-widget-container\">\n\t\t\t\t\t\t\t\t\t\t\t\t\t\t\t<img decoding=\"async\" width=\"211\" height=\"300\" src=\"https:\/\/editionsspirale.com\/wp-content\/uploads\/2025\/01\/Pass-brevet-life-9-2016-211x300.jpg\" class=\"attachment-medium size-medium wp-image-322\" alt=\"\" srcset=\"https:\/\/editionsspirale.com\/wp-content\/uploads\/2025\/01\/Pass-brevet-life-9-2016-211x300.jpg 211w, https:\/\/editionsspirale.com\/wp-content\/uploads\/2025\/01\/Pass-brevet-life-9-2016-720x1024.jpg 720w, https:\/\/editionsspirale.com\/wp-content\/uploads\/2025\/01\/Pass-brevet-life-9-2016-768x1093.jpg 768w, https:\/\/editionsspirale.com\/wp-content\/uploads\/2025\/01\/Pass-brevet-life-9-2016-1079x1536.jpg 1079w, https:\/\/editionsspirale.com\/wp-content\/uploads\/2025\/01\/Pass-brevet-life-9-2016-8x12.jpg 8w, https:\/\/editionsspirale.com\/wp-content\/uploads\/2025\/01\/Pass-brevet-life-9-2016.jpg 1281w\" sizes=\"(max-width: 211px) 100vw, 211px\" \/>\t\t\t\t\t\t\t\t\t\t\t\t\t\t\t<\/div>\n\t\t\t\t<\/div>\n\t\t\t\t<div class=\"elementor-element elementor-element-dd60cb0 elementor-widget elementor-widget-heading\" data-id=\"dd60cb0\" data-element_type=\"widget\" data-e-type=\"widget\" data-widget_type=\"heading.default\">\n\t\t\t\t<div class=\"elementor-widget-container\">\n\t\t\t\t\t<h2 class=\"elementor-heading-title elementor-size-default\">Solved problems Life grade 9 <\/h2>\t\t\t\t<\/div>\n\t\t\t\t<\/div>\n\t\t\t\t<div class=\"elementor-element elementor-element-ff5f065 elementor-widget elementor-widget-text-editor\" data-id=\"ff5f065\" data-element_type=\"widget\" data-e-type=\"widget\" data-widget_type=\"text-editor.default\">\n\t\t\t\t<div class=\"elementor-widget-container\">\n\t\t\t\t\t\t\t\t\t<p>Solved thematic exercises and official exams.<\/p><p>9.27 $<\/p>\t\t\t\t\t\t\t\t<\/div>\n\t\t\t\t<\/div>\n\t\t\t\t<\/div>\n\t\t\t\t\t<\/div>\n\t\t\t\t<\/div>\n\t\t\t\t<\/div>","protected":false},"excerpt":{"rendered":"<p>Solved problems Solved problems Physics grade 9 Solved problems and official exams. 12.5 $ Solved problems Life grade 9 Solved thematic exercises and official exams. 9.27 $<\/p>","protected":false},"author":1,"featured_media":0,"parent":0,"menu_order":0,"comment_status":"closed","ping_status":"closed","template":"","meta":{"_kadence_starter_templates_imported_post":false,"_kad_post_transparent":"","_kad_post_title":"hide","_kad_post_layout":"fullwidth","_kad_post_sidebar_id":"","_kad_post_content_style":"unboxed","_kad_post_vertical_padding":"hide","_kad_post_feature":"hide","_kad_post_feature_position":"","_kad_post_header":false,"_kad_post_footer":false,"footnotes":""},"class_list":["post-314","page","type-page","status-publish","hentry"],"yoast_head":"<!-- This site is optimized with the Yoast SEO plugin v27.5 - https:\/\/yoast.com\/product\/yoast-seo-wordpress\/ -->\n<title>Solved problems - Editions Spirale<\/title>\n<meta name=\"description\" content=\"Exercices suppl\u00e9mentaires, probl\u00e8mes r\u00e9solus, r\u00e9sum\u00e9 du cours, Brevet, Bac, terminale. Extra exercises, solved problems, course summary , Brevet, Bac, S1, S2S, grade 12.\" \/>\n<meta name=\"robots\" content=\"index, follow, max-snippet:-1, max-image-preview:large, max-video-preview:-1\" \/>\n<link rel=\"canonical\" href=\"https:\/\/editionsspirale.com\/en\/solved-problems-editions-spirale\/\" \/>\n<meta property=\"og:locale\" content=\"en_GB\" \/>\n<meta property=\"og:type\" content=\"article\" \/>\n<meta property=\"og:title\" content=\"Solved problems - Editions Spirale\" \/>\n<meta property=\"og:description\" content=\"Exercices suppl\u00e9mentaires, probl\u00e8mes r\u00e9solus, r\u00e9sum\u00e9 du cours, Brevet, Bac, terminale. Extra exercises, solved problems, course summary , Brevet, Bac, S1, S2S, grade 12.\" \/>\n<meta property=\"og:url\" content=\"https:\/\/editionsspirale.com\/en\/solved-problems-editions-spirale\/\" \/>\n<meta property=\"og:site_name\" content=\"Editions Spirale\" \/>\n<meta property=\"article:publisher\" content=\"https:\/\/www.facebook.com\/spirale.editions\" \/>\n<meta property=\"article:modified_time\" content=\"2025-02-14T09:08:12+00:00\" \/>\n<meta property=\"og:image\" content=\"https:\/\/editionsspirale.com\/wp-content\/uploads\/2025\/01\/Physics-9-1-222x300.jpg\" \/>\n<meta name=\"twitter:card\" content=\"summary_large_image\" \/>\n<meta name=\"twitter:label1\" content=\"Estimated reading time\" \/>\n\t<meta name=\"twitter:data1\" content=\"1 minute\" \/>\n<script type=\"application\/ld+json\" class=\"yoast-schema-graph\">{\"@context\":\"https:\\\/\\\/schema.org\",\"@graph\":[{\"@type\":\"WebPage\",\"@id\":\"https:\\\/\\\/editionsspirale.com\\\/en\\\/solved-problems-editions-spirale\\\/\",\"url\":\"https:\\\/\\\/editionsspirale.com\\\/en\\\/solved-problems-editions-spirale\\\/\",\"name\":\"Solved problems - Editions Spirale\",\"isPartOf\":{\"@id\":\"https:\\\/\\\/www.editionsspirale.com\\\/#website\"},\"primaryImageOfPage\":{\"@id\":\"https:\\\/\\\/editionsspirale.com\\\/en\\\/solved-problems-editions-spirale\\\/#primaryimage\"},\"image\":{\"@id\":\"https:\\\/\\\/editionsspirale.com\\\/en\\\/solved-problems-editions-spirale\\\/#primaryimage\"},\"thumbnailUrl\":\"https:\\\/\\\/editionsspirale.com\\\/wp-content\\\/uploads\\\/2025\\\/01\\\/Physics-9-1-222x300.jpg\",\"datePublished\":\"2025-01-22T17:18:13+00:00\",\"dateModified\":\"2025-02-14T09:08:12+00:00\",\"description\":\"Exercices suppl\u00e9mentaires, probl\u00e8mes r\u00e9solus, r\u00e9sum\u00e9 du cours, Brevet, Bac, terminale. Extra exercises, solved problems, course summary , Brevet, Bac, S1, S2S, grade 12.\",\"breadcrumb\":{\"@id\":\"https:\\\/\\\/editionsspirale.com\\\/en\\\/solved-problems-editions-spirale\\\/#breadcrumb\"},\"inLanguage\":\"en-GB\",\"potentialAction\":[{\"@type\":\"ReadAction\",\"target\":[\"https:\\\/\\\/editionsspirale.com\\\/en\\\/solved-problems-editions-spirale\\\/\"]}]},{\"@type\":\"ImageObject\",\"inLanguage\":\"en-GB\",\"@id\":\"https:\\\/\\\/editionsspirale.com\\\/en\\\/solved-problems-editions-spirale\\\/#primaryimage\",\"url\":\"https:\\\/\\\/editionsspirale.com\\\/wp-content\\\/uploads\\\/2025\\\/01\\\/Physics-9-1-222x300.jpg\",\"contentUrl\":\"https:\\\/\\\/editionsspirale.com\\\/wp-content\\\/uploads\\\/2025\\\/01\\\/Physics-9-1-222x300.jpg\"},{\"@type\":\"BreadcrumbList\",\"@id\":\"https:\\\/\\\/editionsspirale.com\\\/en\\\/solved-problems-editions-spirale\\\/#breadcrumb\",\"itemListElement\":[{\"@type\":\"ListItem\",\"position\":1,\"name\":\"Accueil\",\"item\":\"https:\\\/\\\/www.editionsspirale.com\\\/\"},{\"@type\":\"ListItem\",\"position\":2,\"name\":\"Solved problems\"}]},{\"@type\":\"WebSite\",\"@id\":\"https:\\\/\\\/www.editionsspirale.com\\\/#website\",\"url\":\"https:\\\/\\\/www.editionsspirale.com\\\/\",\"name\":\"Editions Spirale\",\"description\":\"Maison d&#039;\u00e9dition scolaire de livres scientifiques\",\"publisher\":{\"@id\":\"https:\\\/\\\/www.editionsspirale.com\\\/#organization\"},\"potentialAction\":[{\"@type\":\"SearchAction\",\"target\":{\"@type\":\"EntryPoint\",\"urlTemplate\":\"https:\\\/\\\/www.editionsspirale.com\\\/?s={search_term_string}\"},\"query-input\":{\"@type\":\"PropertyValueSpecification\",\"valueRequired\":true,\"valueName\":\"search_term_string\"}}],\"inLanguage\":\"en-GB\"},{\"@type\":\"Organization\",\"@id\":\"https:\\\/\\\/www.editionsspirale.com\\\/#organization\",\"name\":\"Editions Spirale\",\"url\":\"https:\\\/\\\/www.editionsspirale.com\\\/\",\"logo\":{\"@type\":\"ImageObject\",\"inLanguage\":\"en-GB\",\"@id\":\"https:\\\/\\\/www.editionsspirale.com\\\/#\\\/schema\\\/logo\\\/image\\\/\",\"url\":\"https:\\\/\\\/editionsspirale.com\\\/wp-content\\\/uploads\\\/2024\\\/12\\\/cropped-Logo-Spirale.jpg\",\"contentUrl\":\"https:\\\/\\\/editionsspirale.com\\\/wp-content\\\/uploads\\\/2024\\\/12\\\/cropped-Logo-Spirale.jpg\",\"width\":174,\"height\":131,\"caption\":\"Editions Spirale\"},\"image\":{\"@id\":\"https:\\\/\\\/www.editionsspirale.com\\\/#\\\/schema\\\/logo\\\/image\\\/\"},\"sameAs\":[\"https:\\\/\\\/www.facebook.com\\\/spirale.editions\"]}]}<\/script>\n<!-- \/ Yoast SEO plugin. -->","yoast_head_json":{"title":"Solved problems - Editions Spirale","description":"Exercices suppl\u00e9mentaires, probl\u00e8mes r\u00e9solus, r\u00e9sum\u00e9 du cours, Brevet, Bac, terminale. Extra exercises, solved problems, course summary , Brevet, Bac, S1, S2S, grade 12.","robots":{"index":"index","follow":"follow","max-snippet":"max-snippet:-1","max-image-preview":"max-image-preview:large","max-video-preview":"max-video-preview:-1"},"canonical":"https:\/\/editionsspirale.com\/en\/solved-problems-editions-spirale\/","og_locale":"en_GB","og_type":"article","og_title":"Solved problems - Editions Spirale","og_description":"Exercices suppl\u00e9mentaires, probl\u00e8mes r\u00e9solus, r\u00e9sum\u00e9 du cours, Brevet, Bac, terminale. Extra exercises, solved problems, course summary , Brevet, Bac, S1, S2S, grade 12.","og_url":"https:\/\/editionsspirale.com\/en\/solved-problems-editions-spirale\/","og_site_name":"Editions Spirale","article_publisher":"https:\/\/www.facebook.com\/spirale.editions","article_modified_time":"2025-02-14T09:08:12+00:00","og_image":[{"url":"https:\/\/editionsspirale.com\/wp-content\/uploads\/2025\/01\/Physics-9-1-222x300.jpg","type":"","width":"","height":""}],"twitter_card":"summary_large_image","twitter_misc":{"Estimated reading time":"1 minute"},"schema":{"@context":"https:\/\/schema.org","@graph":[{"@type":"WebPage","@id":"https:\/\/editionsspirale.com\/en\/solved-problems-editions-spirale\/","url":"https:\/\/editionsspirale.com\/en\/solved-problems-editions-spirale\/","name":"Solved problems - Editions Spirale","isPartOf":{"@id":"https:\/\/www.editionsspirale.com\/#website"},"primaryImageOfPage":{"@id":"https:\/\/editionsspirale.com\/en\/solved-problems-editions-spirale\/#primaryimage"},"image":{"@id":"https:\/\/editionsspirale.com\/en\/solved-problems-editions-spirale\/#primaryimage"},"thumbnailUrl":"https:\/\/editionsspirale.com\/wp-content\/uploads\/2025\/01\/Physics-9-1-222x300.jpg","datePublished":"2025-01-22T17:18:13+00:00","dateModified":"2025-02-14T09:08:12+00:00","description":"Exercices suppl\u00e9mentaires, probl\u00e8mes r\u00e9solus, r\u00e9sum\u00e9 du cours, Brevet, Bac, terminale. Extra exercises, solved problems, course summary , Brevet, Bac, S1, S2S, grade 12.","breadcrumb":{"@id":"https:\/\/editionsspirale.com\/en\/solved-problems-editions-spirale\/#breadcrumb"},"inLanguage":"en-GB","potentialAction":[{"@type":"ReadAction","target":["https:\/\/editionsspirale.com\/en\/solved-problems-editions-spirale\/"]}]},{"@type":"ImageObject","inLanguage":"en-GB","@id":"https:\/\/editionsspirale.com\/en\/solved-problems-editions-spirale\/#primaryimage","url":"https:\/\/editionsspirale.com\/wp-content\/uploads\/2025\/01\/Physics-9-1-222x300.jpg","contentUrl":"https:\/\/editionsspirale.com\/wp-content\/uploads\/2025\/01\/Physics-9-1-222x300.jpg"},{"@type":"BreadcrumbList","@id":"https:\/\/editionsspirale.com\/en\/solved-problems-editions-spirale\/#breadcrumb","itemListElement":[{"@type":"ListItem","position":1,"name":"Accueil","item":"https:\/\/www.editionsspirale.com\/"},{"@type":"ListItem","position":2,"name":"Solved problems"}]},{"@type":"WebSite","@id":"https:\/\/www.editionsspirale.com\/#website","url":"https:\/\/www.editionsspirale.com\/","name":"Spirale Publishers","description":"Scientific School Books","publisher":{"@id":"https:\/\/www.editionsspirale.com\/#organization"},"potentialAction":[{"@type":"SearchAction","target":{"@type":"EntryPoint","urlTemplate":"https:\/\/www.editionsspirale.com\/?s={search_term_string}"},"query-input":{"@type":"PropertyValueSpecification","valueRequired":true,"valueName":"search_term_string"}}],"inLanguage":"en-GB"},{"@type":"Organization","@id":"https:\/\/www.editionsspirale.com\/#organization","name":"Spirale Publishers","url":"https:\/\/www.editionsspirale.com\/","logo":{"@type":"ImageObject","inLanguage":"en-GB","@id":"https:\/\/www.editionsspirale.com\/#\/schema\/logo\/image\/","url":"https:\/\/editionsspirale.com\/wp-content\/uploads\/2024\/12\/cropped-Logo-Spirale.jpg","contentUrl":"https:\/\/editionsspirale.com\/wp-content\/uploads\/2024\/12\/cropped-Logo-Spirale.jpg","width":174,"height":131,"caption":"Editions Spirale"},"image":{"@id":"https:\/\/www.editionsspirale.com\/#\/schema\/logo\/image\/"},"sameAs":["https:\/\/www.facebook.com\/spirale.editions"]}]}},"_links":{"self":[{"href":"https:\/\/editionsspirale.com\/en\/wp-json\/wp\/v2\/pages\/314","targetHints":{"allow":["GET"]}}],"collection":[{"href":"https:\/\/editionsspirale.com\/en\/wp-json\/wp\/v2\/pages"}],"about":[{"href":"https:\/\/editionsspirale.com\/en\/wp-json\/wp\/v2\/types\/page"}],"author":[{"embeddable":true,"href":"https:\/\/editionsspirale.com\/en\/wp-json\/wp\/v2\/users\/1"}],"replies":[{"embeddable":true,"href":"https:\/\/editionsspirale.com\/en\/wp-json\/wp\/v2\/comments?post=314"}],"version-history":[{"count":31,"href":"https:\/\/editionsspirale.com\/en\/wp-json\/wp\/v2\/pages\/314\/revisions"}],"predecessor-version":[{"id":1309,"href":"https:\/\/editionsspirale.com\/en\/wp-json\/wp\/v2\/pages\/314\/revisions\/1309"}],"wp:attachment":[{"href":"https:\/\/editionsspirale.com\/en\/wp-json\/wp\/v2\/media?parent=314"}],"curies":[{"name":"wp","href":"https:\/\/api.w.org\/{rel}","templated":true}]}}